{"id":40,"date":"2020-04-27T21:28:42","date_gmt":"2020-04-27T21:28:42","guid":{"rendered":"https:\/\/ryancv-demo.bslthemes.com\/?page_id=29"},"modified":"2023-11-25T13:06:45","modified_gmt":"2023-11-25T12:06:45","slug":"ingeniero-informatico","status":"publish","type":"page","link":"https:\/\/www.antoniofajardo.com\/en\/","title":{"rendered":"Computer Engineer in Torrevieja"},"content":{"rendered":"<div data-elementor-type=\"wp-page\" data-elementor-id=\"40\" class=\"elementor elementor-40\">\n\t\t\t\t\t\t<section class=\"elementor-section elementor-top-section elementor-element elementor-element-1368f2f elementor-section-full_width elementor-section-height-default elementor-section-height-default\" data-id=\"1368f2f\" data-element_type=\"section\">\n\t\t\t\t\t\t<div class=\"elementor-container elementor-column-gap-no\">\n\t\t\t\t\t<div class=\"elementor-column elementor-col-100 elementor-top-column elementor-element elementor-element-8d69b8b\" data-id=\"8d69b8b\" data-element_type=\"column\">\n\t\t\t<div class=\"elementor-widget-wrap elementor-element-populated\">\n\t\t\t\t\t\t<div class=\"elementor-element elementor-element-b939dc4 elementor-widget elementor-widget-ryancv-about-me\" data-id=\"b939dc4\" data-element_type=\"widget\" data-widget_type=\"ryancv-about-me.default\">\n\t\t\t\t<div class=\"elementor-widget-container\">\n\t\t\t\n\t\t<!-- About -->\n\t\t<div class=\"content about\">\n\n\t\t\t\t\t\t<!-- title -->\n\t\t\t<div class=\"title\">\n\t\t\t\t<span >Computer engineer in Torrevieja<\/span>\n\t\t\t<\/div>\n\t\t\t\n\t\t\t<!-- content -->\n\t\t\t<div class=\"row\">\n\t\t\t\t\n\t\t\t\t\t\t\t\t<div class=\"col col-d-6 col-t-12 col-m-12 border-line-v\">\n\t\t\t\t\t<div class=\"text-box\">\n\t\t\t\t\t\t<div ><h5 style=\"margin-bottom: 10px\">hello world&nbsp;<img decoding=\"async\" class=\"emoji\" role=\"img\" src=\"https:\/\/s.w.org\/images\/core\/emoji\/14.0.0\/svg\/1f44b.svg\" alt=\"hi\"><\/h5>\n<p>My name is Antonio Jos\u00e9 Fajardo. I am a computer engineer graduated from the University of Alicante. My main field of work is LAMP environments and web development with CMS technology such as WordPress.<\/p>\n<p><br><\/p>\n<p>My development as a computer engineer specialising in ICT has led me to want to undertake my own professional projects, seeking to democratise technology and put it at the service of my clients.<\/p>\n<p><br><\/p>\n<p>I started my professional career humbly, working in a local computer shop to be able to pay for my university studies. Nowadays, I am leading my own company, called Netrotec, based in the city of Torrevieja, where I grew up as a professional.<\/p>\n<p><br><\/p>\n<p>I currently combine my responsibilities as an ICT specialist with a digital innovation project born in the province of Alicante under the name Capital Crypto. My goal in this business venture is to democratise Web 3.0 technologies, bringing them into people's homes and taking advantage of their enormous potential to generate a practical application that serves to improve people's lives and daily lives.<\/p>\n<p><br><\/p>\n<p>One of my shortcomings is the impossibility of being able to stand still.  Turning weaknesses into strengths is the key that has led me to grow. That restlessness motivates me to continue to grow as a professional and to accept that there is always something new to learn.&nbsp;<span style=\"letter-spacing: 0em\">One of the main characteristics of the world of new technologies is, without a doubt, that the limits are set by our imagination. Therefore, my ambition is to continue to grow professionally, generating digital products that leave a mark and improve our world.<\/span><\/p><\/div>\n\t\t\t\t\t<\/div>\n\t\t\t\t<\/div>\n\t\t\t\t\n\t\t\t\t\t\t\t\t<div class=\"col col-d-6 col-t-12 col-m-12 border-line-v\">\n\t\t\t\t\t<div class=\"info-list\">\n\t\t\t\t\t\t<ul>\n\t\t\t\t\t\t\t\t\t\t\t\t\t\t<li>\n\t\t\t\t\t\t\t\t<strong>\n\t\t\t\t\t\t\t\t\t<span >\n\t\t\t\t\t\t\t\t\t\tBIRTH:\t\t\t\t\t\t\t\t\t<\/span>\n\t\t\t\t\t\t\t\t<\/strong>\n\t\t\t\t\t\t\t\t<span >\n\t\t\t\t\t\t\t\t\t12\/09\/1988\t\t\t\t\t\t\t\t<\/span>\n\t\t\t\t\t\t\t<\/li>\n\t\t\t\t\t\t\t\t\t\t\t\t\t\t<li>\n\t\t\t\t\t\t\t\t<strong>\n\t\t\t\t\t\t\t\t\t<span >\n\t\t\t\t\t\t\t\t\t\tTELEPHONE:\t\t\t\t\t\t\t\t\t<\/span>\n\t\t\t\t\t\t\t\t<\/strong>\n\t\t\t\t\t\t\t\t<span >\n\t\t\t\t\t\t\t\t\t865 942 361\t\t\t\t\t\t\t\t<\/span>\n\t\t\t\t\t\t\t<\/li>\n\t\t\t\t\t\t\t\t\t\t\t\t\t\t<li>\n\t\t\t\t\t\t\t\t<strong>\n\t\t\t\t\t\t\t\t\t<span >\n\t\t\t\t\t\t\t\t\t\tavailability:\t\t\t\t\t\t\t\t\t<\/span>\n\t\t\t\t\t\t\t\t<\/strong>\n\t\t\t\t\t\t\t\t<span >\n\t\t\t\t\t\t\t\t\tFreelance\t\t\t\t\t\t\t\t<\/span>\n\t\t\t\t\t\t\t<\/li>\n\t\t\t\t\t\t\t\t\t\t\t\t\t\t<li>\n\t\t\t\t\t\t\t\t<strong>\n\t\t\t\t\t\t\t\t\t<span >\n\t\t\t\t\t\t\t\t\t\tADDRESS: \t\t\t\t\t\t\t\t\t<\/span>\n\t\t\t\t\t\t\t\t<\/strong>\n\t\t\t\t\t\t\t\t<span >\n\t\t\t\t\t\t\t\t\tAvenida de los Nen\u00fafares s\/n. Chamber of Commerce. Office 9.<br>03184. Torrevieja. Alicante\n\t\t\t\t\t\t\t\t<\/span>\n\t\t\t\t\t\t\t<\/li>\n\t\t\t\t\t\t\t\t\t\t\t\t\t<\/ul>\n\t\t\t\t\t<\/div>\n\t\t\t\t<\/div>\n\t\t\t\t\n\t\t\t\t<div class=\"clear\"><\/div>\n\t\t\t<\/div>\n\n\t\t<\/div>\n\n\t\t\t\t<\/div>\n\t\t\t\t<\/div>\n\t\t\t\t\t<\/div>\n\t\t<\/div>\n\t\t\t\t\t<\/div>\n\t\t<\/section>\n\t\t\t\t<section class=\"elementor-section elementor-top-section elementor-element elementor-element-ac2a78f elementor-section-full_width elementor-section-height-default elementor-section-height-default\" data-id=\"ac2a78f\" data-element_type=\"section\">\n\t\t\t\t\t\t<div class=\"elementor-container elementor-column-gap-no\">\n\t\t\t\t\t<div class=\"elementor-column elementor-col-100 elementor-top-column elementor-element elementor-element-15d3f26\" data-id=\"15d3f26\" data-element_type=\"column\">\n\t\t\t<div class=\"elementor-widget-wrap elementor-element-populated\">\n\t\t\t\t\t\t<div class=\"elementor-element elementor-element-7412363 elementor-widget elementor-widget-ryancv-services\" data-id=\"7412363\" data-element_type=\"widget\" data-widget_type=\"ryancv-services.default\">\n\t\t\t\t<div class=\"elementor-widget-container\">\n\t\t\t\n\t\t<!-- Services -->\n\t\t<div class=\"content services\">\n\n\t\t\t\t\t\t<!-- title -->\n\t\t\t<div class=\"title\">\n\t\t\t\t<span >Services<\/span>\n\t\t\t<\/div>\n\t\t\t\n\t\t\t\t\t\t<!-- content -->\n\t\t\t<div class=\"row service-items border-line-v\">\n\n\t\t\t\t\t\t\t\t<!-- service item -->\n\t\t\t\t<div class=\"col col-d-6 col-t-6 col-m-12 border-line-h\">\n\t\t\t\t\t<div class=\"service-item\">\n\t\t\t\t\t\t\t\t\t\t\t\t\t<div class=\"icon\">\n                                <svg aria-hidden=\"true\" class=\"e-font-icon-svg e-fas-server\" viewbox=\"0 0 512 512\" xmlns=\"http:\/\/www.w3.org\/2000\/svg\"><path d=\"M480 160H32c-17.673 0-32-14.327-32-32V64c0-17.673 14.327-32 32-32h448c17.673 0 32 14.327 32 32v64c0 17.673-14.327 32-32 32zm-48-88c-13.255 0-24 10.745-24 24s10.745 24 24 24 24-10.745 24-24-10.745-24-24-24zm-64 0c-13.255 0-24 10.745-24 24s10.745 24 24 24 24-10.745 24-24-10.745-24-24-24zm112 248H32c-17.673 0-32-14.327-32-32v-64c0-17.673 14.327-32 32-32h448c17.673 0 32 14.327 32 32v64c0 17.673-14.327 32-32 32zm-48-88c-13.255 0-24 10.745-24 24s10.745 24 24 24 24-10.745 24-24-10.745-24-24-24zm-64 0c-13.255 0-24 10.745-24 24s10.745 24 24 24 24-10.745 24-24-10.745-24-24-24zm112 248H32c-17.673 0-32-14.327-32-32v-64c0-17.673 14.327-32 32-32h448c17.673 0 32 14.327 32 32v64c0 17.673-14.327 32-32 32zm-48-88c-13.255 0-24 10.745-24 24s10.745 24 24 24 24-10.745 24-24-10.745-24-24-24zm-64 0c-13.255 0-24 10.745-24 24s10.745 24 24 24 24-10.745 24-24-10.745-24-24-24z\"><\/path><\/svg>                \t\t\t\t\t\t\t<\/div>\n\t\t\t\t\t\t\t\t\t\t\t\t\t\t\t\t\t\t\t<div class=\"name\">\n\t\t\t\t\t\t\t\t<span >\n\t\t\t\t\t\t\t\t\tComputer support\t\t\t\t\t\t\t\t<\/span>\n\t\t\t\t\t\t\t<\/div>\n\t\t\t\t\t\t\t\t\t\t\t\t\t\t\t\t\t\t\t<div class=\"desc\">\n\t\t\t\t\t\t\t\t<div >\n\t\t\t\t\t\t\t\t\t<p>Configuration of IT environments under Microsoft\u00ae, Linux or Apple\u00ae operating systems. ICT management and maintenance.<\/p>\t\t\t\t\t\t\t\t<\/div>\n\t\t\t\t\t\t\t<\/div>\n\t\t\t\t\t\t\t\t\t\t\t<\/div>\n\t\t\t\t<\/div>\n\t\t\t\t\t\t\t\t<!-- service item -->\n\t\t\t\t<div class=\"col col-d-6 col-t-6 col-m-12 border-line-h\">\n\t\t\t\t\t<div class=\"service-item\">\n\t\t\t\t\t\t\t\t\t\t\t\t\t<div class=\"icon\">\n                                <svg aria-hidden=\"true\" class=\"e-font-icon-svg e-fas-laptop-code\" viewbox=\"0 0 640 512\" xmlns=\"http:\/\/www.w3.org\/2000\/svg\"><path d=\"M255.03 261.65c6.25 6.25 16.38 6.25 22.63 0l11.31-11.31c6.25-6.25 6.25-16.38 0-22.63L253.25 192l35.71-35.72c6.25-6.25 6.25-16.38 0-22.63l-11.31-11.31c-6.25-6.25-16.38-6.25-22.63 0l-58.34 58.34c-6.25 6.25-6.25 16.38 0 22.63l58.35 58.34zm96.01-11.3l11.31 11.31c6.25 6.25 16.38 6.25 22.63 0l58.34-58.34c6.25-6.25 6.25-16.38 0-22.63l-58.34-58.34c-6.25-6.25-16.38-6.25-22.63 0l-11.31 11.31c-6.25 6.25-6.25 16.38 0 22.63L386.75 192l-35.71 35.72c-6.25 6.25-6.25 16.38 0 22.63zM624 416H381.54c-.74 19.81-14.71 32-32.74 32H288c-18.69 0-33.02-17.47-32.77-32H16c-8.8 0-16 7.2-16 16v16c0 35.2 28.8 64 64 64h512c35.2 0 64-28.8 64-64v-16c0-8.8-7.2-16-16-16zM576 48c0-26.4-21.6-48-48-48H112C85.6 0 64 21.6 64 48v336h512V48zm-64 272H128V64h384v256z\"><\/path><\/svg>                \t\t\t\t\t\t\t<\/div>\n\t\t\t\t\t\t\t\t\t\t\t\t\t\t\t\t\t\t\t<div class=\"name\">\n\t\t\t\t\t\t\t\t<span >\n\t\t\t\t\t\t\t\t\tSoftware development\t\t\t\t\t\t\t\t<\/span>\n\t\t\t\t\t\t\t<\/div>\n\t\t\t\t\t\t\t\t\t\t\t\t\t\t\t\t\t\t\t<div class=\"desc\">\n\t\t\t\t\t\t\t\t<div >\n\t\t\t\t\t\t\t\t\t<p>Full stack web development in LAMP environments. Development of desktop applications in .NET environment under C#. Development. Website development under WordPress and other CMS.<\/p>\t\t\t\t\t\t\t\t<\/div>\n\t\t\t\t\t\t\t<\/div>\n\t\t\t\t\t\t\t\t\t\t\t<\/div>\n\t\t\t\t<\/div>\n\t\t\t\t\t\t\t\t<!-- service item -->\n\t\t\t\t<div class=\"col col-d-6 col-t-6 col-m-12 border-line-h\">\n\t\t\t\t\t<div class=\"service-item\">\n\t\t\t\t\t\t\t\t\t\t\t\t\t<div class=\"icon\">\n                                <svg aria-hidden=\"true\" class=\"e-font-icon-svg e-fas-search\" viewbox=\"0 0 512 512\" xmlns=\"http:\/\/www.w3.org\/2000\/svg\"><path d=\"M505 442.7L405.3 343c-4.5-4.5-10.6-7-17-7H372c27.6-35.3 44-79.7 44-128C416 93.1 322.9 0 208 0S0 93.1 0 208s93.1 208 208 208c48.3 0 92.7-16.4 128-44v16.3c0 6.4 2.5 12.5 7 17l99.7 99.7c9.4 9.4 24.6 9.4 33.9 0l28.3-28.3c9.4-9.4 9.4-24.6.1-34zM208 336c-70.7 0-128-57.2-128-128 0-70.7 57.2-128 128-128 70.7 0 128 57.2 128 128 0 70.7-57.2 128-128 128z\"><\/path><\/svg>                \t\t\t\t\t\t\t<\/div>\n\t\t\t\t\t\t\t\t\t\t\t\t\t\t\t\t\t\t\t<div class=\"name\">\n\t\t\t\t\t\t\t\t<span >\n\t\t\t\t\t\t\t\t\tIT Consultancy\t\t\t\t\t\t\t\t<\/span>\n\t\t\t\t\t\t\t<\/div>\n\t\t\t\t\t\t\t\t\t\t\t\t\t\t\t\t\t\t\t<div class=\"desc\">\n\t\t\t\t\t\t\t\t<div >\n\t\t\t\t\t\t\t\t\t<p>Personalised analysis of each circumstance. Advice and monitoring to achieve the objectives set for your company.<\/p>\t\t\t\t\t\t\t\t<\/div>\n\t\t\t\t\t\t\t<\/div>\n\t\t\t\t\t\t\t\t\t\t\t<\/div>\n\t\t\t\t<\/div>\n\t\t\t\t\t\t\t\t<!-- service item -->\n\t\t\t\t<div class=\"col col-d-6 col-t-6 col-m-12 border-line-h\">\n\t\t\t\t\t<div class=\"service-item\">\n\t\t\t\t\t\t\t\t\t\t\t\t\t<div class=\"icon\">\n                                <svg aria-hidden=\"true\" class=\"e-font-icon-svg e-fas-project-diagram\" viewbox=\"0 0 640 512\" xmlns=\"http:\/\/www.w3.org\/2000\/svg\"><path d=\"M384 320H256c-17.67 0-32 14.33-32 32v128c0 17.67 14.33 32 32 32h128c17.67 0 32-14.33 32-32V352c0-17.67-14.33-32-32-32zM192 32c0-17.67-14.33-32-32-32H32C14.33 0 0 14.33 0 32v128c0 17.67 14.33 32 32 32h95.72l73.16 128.04C211.98 300.98 232.4 288 256 288h.28L192 175.51V128h224V64H192V32zM608 0H480c-17.67 0-32 14.33-32 32v128c0 17.67 14.33 32 32 32h128c17.67 0 32-14.33 32-32V32c0-17.67-14.33-32-32-32z\"><\/path><\/svg>                \t\t\t\t\t\t\t<\/div>\n\t\t\t\t\t\t\t\t\t\t\t\t\t\t\t\t\t\t\t<div class=\"name\">\n\t\t\t\t\t\t\t\t<span >\n\t\t\t\t\t\t\t\t\tSoftware project management\t\t\t\t\t\t\t\t<\/span>\n\t\t\t\t\t\t\t<\/div>\n\t\t\t\t\t\t\t\t\t\t\t\t\t\t\t\t\t\t\t<div class=\"desc\">\n\t\t\t\t\t\t\t\t<div >\n\t\t\t\t\t\t\t\t\t<p>Management of software projects and work teams using agile methodologies such as Scrum, XP, etc...<\/p>\t\t\t\t\t\t\t\t<\/div>\n\t\t\t\t\t\t\t<\/div>\n\t\t\t\t\t\t\t\t\t\t\t<\/div>\n\t\t\t\t<\/div>\n\t\t\t\t\t\t\t<\/div>\n\n\t\t\t<div class=\"clear\"><\/div>\n\n\t\t\t\n\t\t<\/div>\n\n\t\t\t\t<\/div>\n\t\t\t\t<\/div>\n\t\t\t\t<div class=\"elementor-element elementor-element-96a5bad elementor-align-center elementor-widget elementor-widget-button\" data-id=\"96a5bad\" data-element_type=\"widget\" data-widget_type=\"button.default\">\n\t\t\t\t<div class=\"elementor-widget-container\">\n\t\t\t\t\t<div class=\"elementor-button-wrapper\">\n\t\t\t<a class=\"elementor-button elementor-button-link elementor-size-md\" href=\"\/en\/contacto\/\">\n\t\t\t\t\t\t<span class=\"elementor-button-content-wrapper\">\n\t\t\t\t\t\t<span class=\"elementor-button-icon\">\n\t\t\t\t<svg aria-hidden=\"true\" class=\"e-font-icon-svg e-fas-paper-plane\" viewbox=\"0 0 512 512\" xmlns=\"http:\/\/www.w3.org\/2000\/svg\"><path d=\"M476 3.2L12.5 270.6c-18.1 10.4-15.8 35.6 2.2 43.2L121 358.4l287.3-253.2c5.5-4.9 13.3 2.6 8.6 8.3L176 407v80.5c0 23.6 28.5 32.9 42.5 15.8L282 426l124.6 52.2c14.2 6 30.4-2.9 33-18.2l72-432C515 7.8 493.3-6.8 476 3.2z\"><\/path><\/svg>\t\t\t<\/span>\n\t\t\t\t\t\t\t\t\t<span class=\"elementor-button-text\">Contact me<\/span>\n\t\t\t\t\t<\/span>\n\t\t\t\t\t<\/a>\n\t\t<\/div>\n\t\t\t\t<\/div>\n\t\t\t\t<\/div>\n\t\t\t\t\t<\/div>\n\t\t<\/div>\n\t\t\t\t\t<\/div>\n\t\t<\/section>\n\t\t\t\t<\/div>","protected":false},"excerpt":{"rendered":"<p>Computer engineer in Torrevieja hello world I am Antonio Jos\u00e9 Fajardo. I am a computer engineer graduated from the University of Alicante. My...<\/p>","protected":false},"author":1,"featured_media":0,"parent":0,"menu_order":0,"comment_status":"closed","ping_status":"closed","template":"template-elementor-builder.php","meta":{"_monsterinsights_skip_tracking":false,"_monsterinsights_sitenote_active":false,"_monsterinsights_sitenote_note":"","_monsterinsights_sitenote_category":0,"footnotes":""},"acf":[],"yoast_head":"<!-- This site is optimized with the Yoast SEO plugin v23.6 - https:\/\/yoast.com\/wordpress\/plugins\/seo\/ -->\n<title>Ingeniero Inform\u00e1tico en Torrevieja - Antonio Fajardo<\/title>\n<meta name=\"description\" content=\"Antonio Jos\u00e9 Fajardo - Ingeniero Inform\u00e1tico por la Universidad de Alicante. Desarrollo web a medida y servicios inform\u00e1ticos en Torrevieja.\" \/>\n<meta name=\"robots\" content=\"index, follow, max-snippet:-1, max-image-preview:large, max-video-preview:-1\" \/>\n<link rel=\"canonical\" href=\"https:\/\/www.antoniofajardo.com\/en\/\" \/>\n<meta property=\"og:locale\" content=\"en_GB\" \/>\n<meta property=\"og:type\" content=\"article\" \/>\n<meta property=\"og:title\" content=\"Ingeniero Inform\u00e1tico en Torrevieja - Antonio Fajardo\" \/>\n<meta property=\"og:description\" content=\"Antonio Jos\u00e9 Fajardo - Ingeniero Inform\u00e1tico por la Universidad de Alicante. Desarrollo web a medida y servicios inform\u00e1ticos en Torrevieja.\" \/>\n<meta property=\"og:url\" content=\"https:\/\/www.antoniofajardo.com\/en\/\" \/>\n<meta property=\"og:site_name\" content=\"Antonio Fajardo\" \/>\n<meta property=\"article:modified_time\" content=\"2023-11-25T12:06:45+00:00\" \/>\n<meta property=\"og:image\" content=\"https:\/\/s.w.org\/images\/core\/emoji\/14.0.0\/svg\/1f44b.svg\" \/>\n<meta name=\"twitter:card\" content=\"summary_large_image\" \/>\n<meta name=\"twitter:label1\" content=\"Estimated reading time\" \/>\n\t<meta name=\"twitter:data1\" content=\"2 minutes\" \/>\n<script type=\"application\/ld+json\" class=\"yoast-schema-graph\">{\"@context\":\"https:\/\/schema.org\",\"@graph\":[{\"@type\":\"WebPage\",\"@id\":\"https:\/\/www.antoniofajardo.com\/\",\"url\":\"https:\/\/www.antoniofajardo.com\/\",\"name\":\"Ingeniero Inform\u00e1tico en Torrevieja - Antonio Fajardo\",\"isPartOf\":{\"@id\":\"https:\/\/www.antoniofajardo.com\/#website\"},\"primaryImageOfPage\":{\"@id\":\"https:\/\/www.antoniofajardo.com\/#primaryimage\"},\"image\":{\"@id\":\"https:\/\/www.antoniofajardo.com\/#primaryimage\"},\"thumbnailUrl\":\"https:\/\/s.w.org\/images\/core\/emoji\/14.0.0\/svg\/1f44b.svg\",\"datePublished\":\"2020-04-27T21:28:42+00:00\",\"dateModified\":\"2023-11-25T12:06:45+00:00\",\"description\":\"Antonio Jos\u00e9 Fajardo - Ingeniero Inform\u00e1tico por la Universidad de Alicante. Desarrollo web a medida y servicios inform\u00e1ticos en Torrevieja.\",\"breadcrumb\":{\"@id\":\"https:\/\/www.antoniofajardo.com\/#breadcrumb\"},\"inLanguage\":\"en-GB\",\"potentialAction\":[{\"@type\":\"ReadAction\",\"target\":[\"https:\/\/www.antoniofajardo.com\/\"]}]},{\"@type\":\"ImageObject\",\"inLanguage\":\"en-GB\",\"@id\":\"https:\/\/www.antoniofajardo.com\/#primaryimage\",\"url\":\"https:\/\/s.w.org\/images\/core\/emoji\/14.0.0\/svg\/1f44b.svg\",\"contentUrl\":\"https:\/\/s.w.org\/images\/core\/emoji\/14.0.0\/svg\/1f44b.svg\"},{\"@type\":\"BreadcrumbList\",\"@id\":\"https:\/\/www.antoniofajardo.com\/#breadcrumb\",\"itemListElement\":[{\"@type\":\"ListItem\",\"position\":1,\"name\":\"Portada\",\"item\":\"https:\/\/www.antoniofajardo.com\/\"},{\"@type\":\"ListItem\",\"position\":2,\"name\":\"Ingeniero Inform\u00e1tico en Torrevieja\"}]},{\"@type\":\"WebSite\",\"@id\":\"https:\/\/www.antoniofajardo.com\/#website\",\"url\":\"https:\/\/www.antoniofajardo.com\/\",\"name\":\"Antonio Fajardo\",\"description\":\"Ingeniero Inform\u00e1tico por la Universidad de Alicante\",\"potentialAction\":[{\"@type\":\"SearchAction\",\"target\":{\"@type\":\"EntryPoint\",\"urlTemplate\":\"https:\/\/www.antoniofajardo.com\/?s={search_term_string}\"},\"query-input\":{\"@type\":\"PropertyValueSpecification\",\"valueRequired\":true,\"valueName\":\"search_term_string\"}}],\"inLanguage\":\"en-GB\"}]}<\/script>\n<!-- \/ Yoast SEO plugin. -->","yoast_head_json":{"title":"Computer Engineer in Torrevieja - Antonio Fajardo","description":"Antonio Jos\u00e9 Fajardo - Computer Engineer by the University of Alicante. Custom web development and IT services in Torrevieja.","robots":{"index":"index","follow":"follow","max-snippet":"max-snippet:-1","max-image-preview":"max-image-preview:large","max-video-preview":"max-video-preview:-1"},"canonical":"https:\/\/www.antoniofajardo.com\/en\/","og_locale":"en_GB","og_type":"article","og_title":"Ingeniero Inform\u00e1tico en Torrevieja - Antonio Fajardo","og_description":"Antonio Jos\u00e9 Fajardo - Ingeniero Inform\u00e1tico por la Universidad de Alicante. Desarrollo web a medida y servicios inform\u00e1ticos en Torrevieja.","og_url":"https:\/\/www.antoniofajardo.com\/en\/","og_site_name":"Antonio Fajardo","article_modified_time":"2023-11-25T12:06:45+00:00","og_image":[{"url":"https:\/\/s.w.org\/images\/core\/emoji\/14.0.0\/svg\/1f44b.svg"}],"twitter_card":"summary_large_image","twitter_misc":{"Estimated reading time":"2 minutes"},"schema":{"@context":"https:\/\/schema.org","@graph":[{"@type":"WebPage","@id":"https:\/\/www.antoniofajardo.com\/","url":"https:\/\/www.antoniofajardo.com\/","name":"Computer Engineer in Torrevieja - Antonio Fajardo","isPartOf":{"@id":"https:\/\/www.antoniofajardo.com\/#website"},"primaryImageOfPage":{"@id":"https:\/\/www.antoniofajardo.com\/#primaryimage"},"image":{"@id":"https:\/\/www.antoniofajardo.com\/#primaryimage"},"thumbnailUrl":"https:\/\/s.w.org\/images\/core\/emoji\/14.0.0\/svg\/1f44b.svg","datePublished":"2020-04-27T21:28:42+00:00","dateModified":"2023-11-25T12:06:45+00:00","description":"Antonio Jos\u00e9 Fajardo - Computer Engineer by the University of Alicante. Custom web development and IT services in Torrevieja.","breadcrumb":{"@id":"https:\/\/www.antoniofajardo.com\/#breadcrumb"},"inLanguage":"en-GB","potentialAction":[{"@type":"ReadAction","target":["https:\/\/www.antoniofajardo.com\/"]}]},{"@type":"ImageObject","inLanguage":"en-GB","@id":"https:\/\/www.antoniofajardo.com\/#primaryimage","url":"https:\/\/s.w.org\/images\/core\/emoji\/14.0.0\/svg\/1f44b.svg","contentUrl":"https:\/\/s.w.org\/images\/core\/emoji\/14.0.0\/svg\/1f44b.svg"},{"@type":"BreadcrumbList","@id":"https:\/\/www.antoniofajardo.com\/#breadcrumb","itemListElement":[{"@type":"ListItem","position":1,"name":"Portada","item":"https:\/\/www.antoniofajardo.com\/"},{"@type":"ListItem","position":2,"name":"Ingeniero Inform\u00e1tico en Torrevieja"}]},{"@type":"WebSite","@id":"https:\/\/www.antoniofajardo.com\/#website","url":"https:\/\/www.antoniofajardo.com\/","name":"Antonio Fajardo","description":"Computer Engineer from the University of Alicante","potentialAction":[{"@type":"SearchAction","target":{"@type":"EntryPoint","urlTemplate":"https:\/\/www.antoniofajardo.com\/?s={search_term_string}"},"query-input":{"@type":"PropertyValueSpecification","valueRequired":true,"valueName":"search_term_string"}}],"inLanguage":"en-GB"}]}},"_links":{"self":[{"href":"https:\/\/www.antoniofajardo.com\/en\/wp-json\/wp\/v2\/pages\/40"}],"collection":[{"href":"https:\/\/www.antoniofajardo.com\/en\/wp-json\/wp\/v2\/pages"}],"about":[{"href":"https:\/\/www.antoniofajardo.com\/en\/wp-json\/wp\/v2\/types\/page"}],"author":[{"embeddable":true,"href":"https:\/\/www.antoniofajardo.com\/en\/wp-json\/wp\/v2\/users\/1"}],"replies":[{"embeddable":true,"href":"https:\/\/www.antoniofajardo.com\/en\/wp-json\/wp\/v2\/comments?post=40"}],"version-history":[{"count":61,"href":"https:\/\/www.antoniofajardo.com\/en\/wp-json\/wp\/v2\/pages\/40\/revisions"}],"predecessor-version":[{"id":725,"href":"https:\/\/www.antoniofajardo.com\/en\/wp-json\/wp\/v2\/pages\/40\/revisions\/725"}],"wp:attachment":[{"href":"https:\/\/www.antoniofajardo.com\/en\/wp-json\/wp\/v2\/media?parent=40"}],"curies":[{"name":"wp","href":"https:\/\/api.w.org\/{rel}","templated":true}]}}